{"id":298,"date":"2023-10-28T15:08:10","date_gmt":"2023-10-28T15:08:10","guid":{"rendered":"https:\/\/beta.wsf31.de\/wp\/?page_id=298"},"modified":"2024-06-11T15:00:51","modified_gmt":"2024-06-11T15:00:51","slug":"sup","status":"publish","type":"page","link":"https:\/\/wsf31.de\/?page_id=298","title":{"rendered":"SUP"},"content":{"rendered":"\n<h2 class=\"wp-block-heading\">SUP<\/h2>\n\n\n\n<p>Die SUP Abteilung ist eine neues Angebot unseres Kanuvereins, die sich an alle richtet, die sich f\u00fcr Stand Up Paddling interessieren. Stand Up Paddling ist eine Wassersportart, bei der man auf einem Brett steht und sich mit einem Paddel fortbewegt. Es ist eine tolle M\u00f6glichkeit die Natur zu genie\u00dfen, fit zu bleiben und Spa\u00df zu haben. Die SUP Abteilung ist noch in der Aufbauphase, wir bieten aber schon regelm\u00e4\u00dfige  Ausfl\u00fcge f\u00fcr Anf\u00e4nger an. Wir haben auch einige SUP-Boards und Paddel, die wir unseren Mitgliedern ausleihen k\u00f6nnen. Wenn du mehr \u00fcber die SUP Abteilung erfahren m\u00f6chtest, kontaktiere uns . Wir freuen uns auf dich!<\/p>\n\n\n\n<figure class=\"wp-block-table\"><table><tbody><tr><td><a href=\"https:\/\/wsf31.de\/?page_id=201\">Ansprechpartner<\/a><\/td><td>Sandra Wahlen &amp; Natalia Klimova<br>sup(at)wsf31.de<\/td><\/tr><\/tbody><\/table><\/figure>\n","protected":false},"excerpt":{"rendered":"<p>SUP Die SUP Abteilung ist eine neues Angebot unseres Kanuvereins,<\/p>\n","protected":false},"author":1,"featured_media":0,"parent":0,"menu_order":0,"comment_status":"closed","ping_status":"closed","template":"template-page-builder-no-sidebar.php","meta":{"footnotes":""},"class_list":["post-298","page","type-page","status-publish","hentry"],"publishpress_future_action":{"enabled":false,"date":"2026-04-30 12:31:03","action":"change-status","newStatus":"draft","terms":[],"taxonomy":"","extraData":[]},"publishpress_future_workflow_manual_trigger":{"enabledWorkflows":[]},"_links":{"self":[{"href":"https:\/\/wsf31.de\/index.php?rest_route=\/wp\/v2\/pages\/298","targetHints":{"allow":["GET"]}}],"collection":[{"href":"https:\/\/wsf31.de\/index.php?rest_route=\/wp\/v2\/pages"}],"about":[{"href":"https:\/\/wsf31.de\/index.php?rest_route=\/wp\/v2\/types\/page"}],"author":[{"embeddable":true,"href":"https:\/\/wsf31.de\/index.php?rest_route=\/wp\/v2\/users\/1"}],"replies":[{"embeddable":true,"href":"https:\/\/wsf31.de\/index.php?rest_route=%2Fwp%2Fv2%2Fcomments&post=298"}],"version-history":[{"count":4,"href":"https:\/\/wsf31.de\/index.php?rest_route=\/wp\/v2\/pages\/298\/revisions"}],"predecessor-version":[{"id":678,"href":"https:\/\/wsf31.de\/index.php?rest_route=\/wp\/v2\/pages\/298\/revisions\/678"}],"wp:attachment":[{"href":"https:\/\/wsf31.de\/index.php?rest_route=%2Fwp%2Fv2%2Fmedia&parent=298"}],"curies":[{"name":"wp","href":"https:\/\/api.w.org\/{rel}","templated":true}]}}