{"id":252,"date":"2023-10-25T17:52:16","date_gmt":"2023-10-25T17:52:16","guid":{"rendered":"https:\/\/beta.wsf31.de\/wp\/?page_id=252"},"modified":"2023-11-01T12:37:56","modified_gmt":"2023-11-01T12:37:56","slug":"das-elektronische-fahrtenbuch","status":"publish","type":"page","link":"https:\/\/wsf31.de\/?page_id=252","title":{"rendered":"Das elektronische Fahrtenbuch"},"content":{"rendered":"\n<p>Ab sofort sind wir dabei! Das elektronische Fahrtenbuch (eFB). Dieses erm\u00f6glicht allen ein einfacheres Eintragen und Verwalten der gepaddelten Fahrten. Alle Vereinsmitglieder k\u00f6nnen sich ab sofort unter\u00a0<a href=\"https:\/\/efb.kanu-efb.de\/\" target=\"_blank\" rel=\"noreferrer noopener\">https:\/\/efb.kanu-efb.de\/<\/a>\u00a0(externe Weiterleitung zum Fahrtenbuch des DKV) anmelden und als Verein den &#8222;WSF 31 K\u00f6ln&#8220; ausw\u00e4hlen.<br>Nach dem Freischalten habt ihr dann die M\u00f6glichkeit auf das Vereinsfahrtenbuch zuzugreifen.<\/p>\n","protected":false},"excerpt":{"rendered":"<p>Ab sofort sind wir dabei! Das elektronische Fahrtenbuch (eFB). Dieses<\/p>\n","protected":false},"author":1,"featured_media":0,"parent":0,"menu_order":0,"comment_status":"closed","ping_status":"closed","template":"template-page-builder-no-sidebar.php","meta":{"footnotes":""},"class_list":["post-252","page","type-page","status-publish","hentry"],"publishpress_future_action":{"enabled":false,"date":"2026-04-30 12:32:20","action":"change-status","newStatus":"draft","terms":[],"taxonomy":"","extraData":[]},"publishpress_future_workflow_manual_trigger":{"enabledWorkflows":[]},"_links":{"self":[{"href":"https:\/\/wsf31.de\/index.php?rest_route=\/wp\/v2\/pages\/252","targetHints":{"allow":["GET"]}}],"collection":[{"href":"https:\/\/wsf31.de\/index.php?rest_route=\/wp\/v2\/pages"}],"about":[{"href":"https:\/\/wsf31.de\/index.php?rest_route=\/wp\/v2\/types\/page"}],"author":[{"embeddable":true,"href":"https:\/\/wsf31.de\/index.php?rest_route=\/wp\/v2\/users\/1"}],"replies":[{"embeddable":true,"href":"https:\/\/wsf31.de\/index.php?rest_route=%2Fwp%2Fv2%2Fcomments&post=252"}],"version-history":[{"count":6,"href":"https:\/\/wsf31.de\/index.php?rest_route=\/wp\/v2\/pages\/252\/revisions"}],"predecessor-version":[{"id":260,"href":"https:\/\/wsf31.de\/index.php?rest_route=\/wp\/v2\/pages\/252\/revisions\/260"}],"wp:attachment":[{"href":"https:\/\/wsf31.de\/index.php?rest_route=%2Fwp%2Fv2%2Fmedia&parent=252"}],"curies":[{"name":"wp","href":"https:\/\/api.w.org\/{rel}","templated":true}]}}